{"id":569,"date":"2021-12-07T08:55:42","date_gmt":"2021-12-07T08:55:42","guid":{"rendered":"https:\/\/web.rkinformatika.net\/mertxede\/?page_id=569"},"modified":"2023-01-17T10:42:21","modified_gmt":"2023-01-17T10:42:21","slug":"comedor","status":"publish","type":"page","link":"https:\/\/mertzede.com\/eu\/comedor\/","title":{"rendered":"Jantokia"},"content":{"rendered":"<div data-elementor-type=\"wp-page\" data-elementor-id=\"569\" class=\"elementor elementor-569\" data-elementor-settings=\"{&quot;ha_cmc_init_switcher&quot;:&quot;no&quot;}\" data-elementor-post-type=\"page\">\n\t\t\t\t\t\t<section class=\"elementor-section elementor-top-section elementor-element elementor-element-1092e5c8 elementor-section-content-middle elementor-section-boxed elementor-section-height-default elementor-section-height-default\" data-id=\"1092e5c8\" data-element_type=\"section\" data-e-type=\"section\" data-settings=\"{&quot;background_background&quot;:&quot;classic&quot;,&quot;_ha_eqh_enable&quot;:false}\">\n\t\t\t\t\t\t\t<div class=\"elementor-background-overlay\"><\/div>\n\t\t\t\t\t\t\t<div class=\"elementor-container elementor-column-gap-no\">\n\t\t\t\t\t<div class=\"elementor-column elementor-col-100 elementor-top-column elementor-element elementor-element-1c41be77\" data-id=\"1c41be77\" data-element_type=\"column\" data-e-type=\"column\">\n\t\t\t<div class=\"elementor-widget-wrap elementor-element-populated\">\n\t\t\t\t\t\t<section class=\"elementor-section elementor-top-section elementor-element elementor-element-3b54b4ea elementor-section-content-bottom elementor-section-boxed elementor-section-height-default elementor-section-height-default\" data-id=\"3b54b4ea\" data-element_type=\"section\" data-e-type=\"section\" data-settings=\"{&quot;_ha_eqh_enable&quot;:false}\">\n\t\t\t\t\t\t\t<div class=\"elementor-background-overlay\"><\/div>\n\t\t\t\t\t\t\t<div class=\"elementor-container elementor-column-gap-default\">\n\t\t\t\t\t<div class=\"elementor-column elementor-col-50 elementor-top-column elementor-element elementor-element-58a7dc67\" data-id=\"58a7dc67\" data-element_type=\"column\" data-e-type=\"column\">\n\t\t\t<div class=\"elementor-widget-wrap elementor-element-populated\">\n\t\t\t\t\t\t<div class=\"elementor-element elementor-element-4fed5606 elementor-invisible elementor-widget elementor-widget-text-editor\" data-id=\"4fed5606\" data-element_type=\"widget\" data-e-type=\"widget\" data-settings=\"{&quot;_animation&quot;:&quot;fadeInDown&quot;}\" data-widget_type=\"text-editor.default\">\n\t\t\t\t<div class=\"elementor-widget-container\">\n\t\t\t\t\t\t\t\t\t<p>Zerbitzuak<\/p>\t\t\t\t\t\t\t\t<\/div>\n\t\t\t\t<\/div>\n\t\t\t\t<div class=\"elementor-element elementor-element-7936d332 animated-slow elementor-invisible elementor-widget elementor-widget-heading\" data-id=\"7936d332\" data-element_type=\"widget\" data-e-type=\"widget\" data-settings=\"{&quot;_animation&quot;:&quot;fadeIn&quot;,&quot;_animation_delay&quot;:600}\" data-widget_type=\"heading.default\">\n\t\t\t\t<div class=\"elementor-widget-container\">\n\t\t\t\t\t<h2 class=\"elementor-heading-title elementor-size-default\">Jantokia<\/h2>\t\t\t\t<\/div>\n\t\t\t\t<\/div>\n\t\t\t\t\t<\/div>\n\t\t<\/div>\n\t\t\t\t<div class=\"elementor-column elementor-col-50 elementor-top-column elementor-element elementor-element-656c0984\" data-id=\"656c0984\" data-element_type=\"column\" data-e-type=\"column\">\n\t\t\t<div class=\"elementor-widget-wrap elementor-element-populated\">\n\t\t\t\t\t\t<div class=\"elementor-element elementor-element-65048be2 elementor-widget-divider--view-line elementor-invisible elementor-widget elementor-widget-divider\" data-id=\"65048be2\" data-element_type=\"widget\" data-e-type=\"widget\" data-settings=\"{&quot;_animation&quot;:&quot;fadeInUp&quot;}\" data-widget_type=\"divider.default\">\n\t\t\t\t<div class=\"elementor-widget-container\">\n\t\t\t\t\t\t\t<div class=\"elementor-divider\">\n\t\t\t<span class=\"elementor-divider-separator\">\n\t\t\t\t\t\t<\/span>\n\t\t<\/div>\n\t\t\t\t\t\t<\/div>\n\t\t\t\t<\/div>\n\t\t\t\t\t<\/div>\n\t\t<\/div>\n\t\t\t\t\t<\/div>\n\t\t<\/section>\n\t\t\t\t<section class=\"elementor-section elementor-inner-section elementor-element elementor-element-f1733b0 elementor-reverse-tablet elementor-reverse-mobile elementor-section-boxed elementor-section-height-default elementor-section-height-default\" data-id=\"f1733b0\" data-element_type=\"section\" data-e-type=\"section\" data-settings=\"{&quot;_ha_eqh_enable&quot;:false}\">\n\t\t\t\t\t\t<div class=\"elementor-container elementor-column-gap-no\">\n\t\t\t\t\t<div class=\"elementor-column elementor-col-33 elementor-inner-column elementor-element elementor-element-2d6601ae\" data-id=\"2d6601ae\" data-element_type=\"column\" data-e-type=\"column\">\n\t\t\t<div class=\"elementor-widget-wrap elementor-element-populated\">\n\t\t\t\t\t\t<div class=\"elementor-element elementor-element-25796b30 elementor-widget elementor-widget-image\" data-id=\"25796b30\" data-element_type=\"widget\" data-e-type=\"widget\" data-widget_type=\"image.default\">\n\t\t\t\t<div class=\"elementor-widget-container\">\n\t\t\t\t\t\t\t\t\t\t\t\t\t\t\t<img fetchpriority=\"high\" decoding=\"async\" width=\"800\" height=\"600\" src=\"https:\/\/mertzede.com\/wp-content\/uploads\/2022\/02\/SERVICIOS-PRINCIPAL.jpg\" class=\"attachment-large size-large wp-image-1024\" alt=\"\" srcset=\"https:\/\/mertzede.com\/wp-content\/uploads\/2022\/02\/SERVICIOS-PRINCIPAL.jpg 1024w, https:\/\/mertzede.com\/wp-content\/uploads\/2022\/02\/SERVICIOS-PRINCIPAL-300x225.jpg 300w, https:\/\/mertzede.com\/wp-content\/uploads\/2022\/02\/SERVICIOS-PRINCIPAL-768x576.jpg 768w, https:\/\/mertzede.com\/wp-content\/uploads\/2022\/02\/SERVICIOS-PRINCIPAL-16x12.jpg 16w\" sizes=\"(max-width: 800px) 100vw, 800px\" \/>\t\t\t\t\t\t\t\t\t\t\t\t\t\t\t<\/div>\n\t\t\t\t<\/div>\n\t\t\t\t\t<\/div>\n\t\t<\/div>\n\t\t\t\t<div class=\"elementor-column elementor-col-66 elementor-inner-column elementor-element elementor-element-4111f721\" data-id=\"4111f721\" data-element_type=\"column\" data-e-type=\"column\">\n\t\t\t<div class=\"elementor-widget-wrap elementor-element-populated\">\n\t\t\t\t\t\t<div class=\"elementor-element elementor-element-5cd1398e elementor-widget elementor-widget-text-editor\" data-id=\"5cd1398e\" data-element_type=\"widget\" data-e-type=\"widget\" data-widget_type=\"text-editor.default\">\n\t\t\t\t<div class=\"elementor-widget-container\">\n\t\t\t\t\t\t\t\t\t<p align=\"justify\">Gure eskolan garrantzi handia ematen diogu elikadurari. Osasuntsu jatearen ondorioa, ume zoriontsu eta azkar bat da <i>.<\/i>Ausolan enpresarekin elkar lanean, bertako produktuarekin lan egiten dugu eta bertan sukaldatzen ditugu gure jaki guztiak. Menuetan, oreka bilatzen dugu eta mahaira eraman baino arinago ondo aztertzen dira. Behin eta berriz esaten dugun bezala, etxean bezala sentitzea da gure helburua, eta jantokian ere horrela da.<\/p><p style=\"text-align: left;\" align=\"justify\">Hurrengo helbide honetan, hilabete guztietan menua izango duzue irakurgai. Horrez gain, zenbait aholu eta orientabide.<br \/><a href=\"https:\/\/menuak.ausolan.com\/documentos\/AUZOLAGUN\/EUS-AUZO-IS-priv.pdf\">https:\/\/menuak.ausolan.com\/documentos\/AUZOLAGUN\/EUS-AUZO-IS-priv.pdf<\/a><\/p>\t\t\t\t\t\t\t\t<\/div>\n\t\t\t\t<\/div>\n\t\t\t\t<div class=\"elementor-element elementor-element-131c4fda elementor-invisible elementor-widget elementor-widget-text-editor\" data-id=\"131c4fda\" data-element_type=\"widget\" data-e-type=\"widget\" data-settings=\"{&quot;_animation&quot;:&quot;fadeInDown&quot;}\" data-widget_type=\"text-editor.default\">\n\t\t\t\t<div class=\"elementor-widget-container\">\n\t\t\t\t\t\t\t\t\t<p>(Mertzediarrak M.O.)<\/p>\t\t\t\t\t\t\t\t<\/div>\n\t\t\t\t<\/div>\n\t\t\t\t\t<\/div>\n\t\t<\/div>\n\t\t\t\t\t<\/div>\n\t\t<\/section>\n\t\t\t\t\t<\/div>\n\t\t<\/div>\n\t\t\t\t\t<\/div>\n\t\t<\/section>\n\t\t\t\t<section class=\"elementor-section elementor-top-section elementor-element elementor-element-9518208 elementor-section-boxed elementor-section-height-default elementor-section-height-default\" data-id=\"9518208\" data-element_type=\"section\" data-e-type=\"section\" data-settings=\"{&quot;_ha_eqh_enable&quot;:false}\">\n\t\t\t\t\t\t<div class=\"elementor-container elementor-column-gap-default\">\n\t\t\t\t\t<div class=\"elementor-column elementor-col-100 elementor-top-column elementor-element elementor-element-1adb99d\" data-id=\"1adb99d\" data-element_type=\"column\" data-e-type=\"column\">\n\t\t\t<div class=\"elementor-widget-wrap elementor-element-populated\">\n\t\t\t\t\t\t<div class=\"elementor-element elementor-element-49139b1 elementor-widget elementor-widget-image\" data-id=\"49139b1\" data-element_type=\"widget\" data-e-type=\"widget\" data-widget_type=\"image.default\">\n\t\t\t\t<div class=\"elementor-widget-container\">\n\t\t\t\t\t\t\t\t\t\t\t\t\t\t\t<img decoding=\"async\" width=\"800\" height=\"566\" src=\"https:\/\/mertzede.com\/wp-content\/uploads\/2022\/01\/EUS-AUZO-IS-priv-3-scaled.jpg\" class=\"attachment-large size-large wp-image-957\" alt=\"\" srcset=\"https:\/\/mertzede.com\/wp-content\/uploads\/2022\/01\/EUS-AUZO-IS-priv-3-scaled.jpg 2560w, https:\/\/mertzede.com\/wp-content\/uploads\/2022\/01\/EUS-AUZO-IS-priv-3-300x212.jpg 300w, https:\/\/mertzede.com\/wp-content\/uploads\/2022\/01\/EUS-AUZO-IS-priv-3-1024x724.jpg 1024w, https:\/\/mertzede.com\/wp-content\/uploads\/2022\/01\/EUS-AUZO-IS-priv-3-768x543.jpg 768w, https:\/\/mertzede.com\/wp-content\/uploads\/2022\/01\/EUS-AUZO-IS-priv-3-1536x1086.jpg 1536w, https:\/\/mertzede.com\/wp-content\/uploads\/2022\/01\/EUS-AUZO-IS-priv-3-2048x1448.jpg 2048w, https:\/\/mertzede.com\/wp-content\/uploads\/2022\/01\/EUS-AUZO-IS-priv-3-18x12.jpg 18w\" sizes=\"(max-width: 800px) 100vw, 800px\" \/>\t\t\t\t\t\t\t\t\t\t\t\t\t\t\t<\/div>\n\t\t\t\t<\/div>\n\t\t\t\t\t<\/div>\n\t\t<\/div>\n\t\t\t\t\t<\/div>\n\t\t<\/section>\n\t\t\t\t<\/div>","protected":false},"excerpt":{"rendered":"<p>servicios comedor En nuestro colegio damos mucha importancia a la alimentaci\u00f3n. Sabiendo que una alimentaci\u00f3n sana facilita el desarrollo madurativo, generando mayor felicidad. En colaboraci\u00f3n con Ausolan, trabajamos con producto local y cocinando in situ. En los men\u00fas buscamos el equilibrio y antes de llevarlos a la mesa se analizan bien. En el comedor tambi\u00e9n [&hellip;]<\/p>\n","protected":false},"author":1,"featured_media":0,"parent":0,"menu_order":0,"comment_status":"closed","ping_status":"closed","template":"","meta":{"footnotes":""},"class_list":["post-569","page","type-page","status-publish","hentry"],"_links":{"self":[{"href":"https:\/\/mertzede.com\/eu\/wp-json\/wp\/v2\/pages\/569","targetHints":{"allow":["GET"]}}],"collection":[{"href":"https:\/\/mertzede.com\/eu\/wp-json\/wp\/v2\/pages"}],"about":[{"href":"https:\/\/mertzede.com\/eu\/wp-json\/wp\/v2\/types\/page"}],"author":[{"embeddable":true,"href":"https:\/\/mertzede.com\/eu\/wp-json\/wp\/v2\/users\/1"}],"replies":[{"embeddable":true,"href":"https:\/\/mertzede.com\/eu\/wp-json\/wp\/v2\/comments?post=569"}],"version-history":[{"count":40,"href":"https:\/\/mertzede.com\/eu\/wp-json\/wp\/v2\/pages\/569\/revisions"}],"predecessor-version":[{"id":1176,"href":"https:\/\/mertzede.com\/eu\/wp-json\/wp\/v2\/pages\/569\/revisions\/1176"}],"wp:attachment":[{"href":"https:\/\/mertzede.com\/eu\/wp-json\/wp\/v2\/media?parent=569"}],"curies":[{"name":"wp","href":"https:\/\/api.w.org\/{rel}","templated":true}]}}